{"id":2,"date":"2016-02-11T20:23:32","date_gmt":"2016-02-11T19:23:32","guid":{"rendered":"http:\/\/algologic.es\/wordpress\/?page_id=2"},"modified":"2017-06-21T19:19:06","modified_gmt":"2017-06-21T18:19:06","slug":"page-d-exemple","status":"publish","type":"page","link":"https:\/\/algologic.fr\/en\/","title":{"rendered":"Home"},"content":{"rendered":"<p>Page d&#8217;accueil statique du site de la soci\u00e9t\u00e9 Algologic. Cette page ne doit pas \u00eatre supprim\u00e9e, elle est n\u00e9cessaire pour le fonctionnement de la page d&#8217;accueil.<\/p>","protected":false},"excerpt":{"rendered":"<p>Page d&#8217;accueil statique du site de la soci\u00e9t\u00e9 Algologic. Cette page ne doit pas \u00eatre supprim\u00e9e, elle est n\u00e9cessaire pour le fonctionnement de la page d&#8217;accueil.<\/p>\n","protected":false},"author":1,"featured_media":0,"parent":0,"menu_order":0,"comment_status":"closed","ping_status":"open","template":"template-frontpage.php","meta":{"footnotes":""},"class_list":["post-2","page","type-page","status-publish","hentry"],"aioseo_notices":[],"_links":{"self":[{"href":"https:\/\/algologic.fr\/en\/wp-json\/wp\/v2\/pages\/2","targetHints":{"allow":["GET"]}}],"collection":[{"href":"https:\/\/algologic.fr\/en\/wp-json\/wp\/v2\/pages"}],"about":[{"href":"https:\/\/algologic.fr\/en\/wp-json\/wp\/v2\/types\/page"}],"author":[{"embeddable":true,"href":"https:\/\/algologic.fr\/en\/wp-json\/wp\/v2\/users\/1"}],"replies":[{"embeddable":true,"href":"https:\/\/algologic.fr\/en\/wp-json\/wp\/v2\/comments?post=2"}],"version-history":[{"count":10,"href":"https:\/\/algologic.fr\/en\/wp-json\/wp\/v2\/pages\/2\/revisions"}],"predecessor-version":[{"id":387,"href":"https:\/\/algologic.fr\/en\/wp-json\/wp\/v2\/pages\/2\/revisions\/387"}],"wp:attachment":[{"href":"https:\/\/algologic.fr\/en\/wp-json\/wp\/v2\/media?parent=2"}],"curies":[{"name":"wp","href":"https:\/\/api.w.org\/{rel}","templated":true}]}}